{"id":832,"date":"2017-05-31T13:38:35","date_gmt":"2017-05-31T11:38:35","guid":{"rendered":"http:\/\/www.bayreuther-turnerschaft.de\/abteilung\/kunstlauf\/?page_id=832"},"modified":"2017-05-31T14:32:16","modified_gmt":"2017-05-31T12:32:16","slug":"archiv-2010","status":"publish","type":"page","link":"http:\/\/www.bayreuther-turnerschaft.de\/abteilung\/kunstlauf\/archiv-2010\/","title":{"rendered":"Archiv 2010"},"content":{"rendered":"<p>&nbsp;<\/p>\n<h2><strong>Rollkunstl\u00e4ufer auf Bayrischer Meisterschaft sehr erfolgreich<\/strong><\/h2>\n<p><em>2010.<\/em><\/p>\n<p><a href=\"http:\/\/www.bayreuther-turnerschaft.de\/abteilung\/kunstlauf\/\/wp-content\/uploads\/2011\/09\/a_IMG_0670.jpg\" rel=\"lightbox[832]\"><img loading=\"lazy\" decoding=\"async\" width=\"300\" height=\"225\" class=\"alignright  wp-image-39\" title=\"Unser Team in Schweinfurth\" alt=\"\" src=\"http:\/\/www.bayreuther-turnerschaft.de\/abteilung\/kunstlauf\/\/wp-content\/uploads\/2011\/09\/a_IMG_0670-300x225.jpg\" srcset=\"http:\/\/www.bayreuther-turnerschaft.de\/abteilung\/kunstlauf\/wp-content\/uploads\/2011\/09\/a_IMG_0670-300x225.jpg 300w, http:\/\/www.bayreuther-turnerschaft.de\/abteilung\/kunstlauf\/wp-content\/uploads\/2011\/09\/a_IMG_0670.jpg 400w\" sizes=\"auto, (max-width: 300px) 100vw, 300px\" \/><\/a>In Schweinfurt fand k\u00fcrzlich die Bambini und Bayrische Meisterschaft in Rollkunstlauf statt.<\/p>\n<p>Die Bayreuther Turnerschaft war mit 11 aktiven L\u00e4uferinnen besonders erfolgreich vertreten. Allein 8 von Ihnen konnten sich unter den ersten 5 platzieren. Die 11- j\u00e4hrige Tatjana Tsarkova \u00fcberzeugte mit Ihrer sehr sch\u00f6nen und fehlerfreien K\u00fcr die Jury und sicherte sich so vor der starken Konkurrenz den ersten Platz. Kristina Chrisonow die in der gleichen Altersgruppe antrat, erk\u00e4mpfte sich einen hervorragenden 2 Platz. Lena Bauer (17 Jahre) zeigte eine konstante Leistung und wurde mit dem 3 Platz belohnt. Einen Startplatz f\u00fcr die S\u00fcddeutsche Meisterschaft erk\u00e4mpften sich Jessica Bauer, Diana Dumhard und Lena Bauer.<\/p>\n<p>Wir w\u00fcnschen viel Erfolg!<\/p>\n<hr \/>\n<h2><strong>Bronzemedaille f\u00fcr Diana Dumhard<\/strong><\/h2>\n<p><em>Juli, 2010.<\/em><\/p>\n<p>Erstmals war die BTS mit drei L\u00e4uferinnen bei den S\u00fcddeutschen Meisterschaften im Rollkunstlaufen vertreten. \u00dcberraschend holte sich die 14-j\u00e4hrige Diana Dumhard Bronze in der Gruppe der Sch\u00fcler A. Bereits in der Kurzk\u00fcr zeigte sie als eine der wenigen Sportlerinnen die geforderten Elemente nahezu fehlerlos und sicherte sich mit dem 3. Platz eine gute Ausgangsposition. Mit einer starken k\u00e4mpferischen Leistung in der K\u00fcr, in der bis auf den Doppelrittberger alles gelang, machte sie auf sich aufmerksam, bekam verdienterma\u00dfen eine sehr hohe Wertung und konnte erfreulicherweise ihren Podest-Platz halten.<\/p>\n<p>Die 12- j\u00e4hrige Jessica Bauer best\u00e4tigte mit einem guten 6 Platz in Kurzk\u00fcr und K\u00fcr ihre Leistungssteigerungen der letzten Wochen und wurde als beste bayrische L\u00e4uferin in der Gruppe Sch\u00fcler B ihrer Nominierung mehr als gerecht.<\/p>\n<p>Mit viel Tempo und dem sch\u00f6nsten Doppelflip in der Gruppe der Junioren, lie\u00df die 17-j\u00e4hrige Lena Bauer die Konkurrenz, die z. Teil schon Erfahrung auf internationaler Ebene vorweisen kann, aufhorchen und erreichte in Kurzk\u00fcr und K\u00fcr einen sehr respektablen 5 Platz.<\/p>\n","protected":false},"excerpt":{"rendered":"<p>&nbsp; Rollkunstl\u00e4ufer auf Bayrischer Meisterschaft sehr erfolgreich 2010. In Schweinfurt fand k\u00fcrzlich die Bambini und Bayrische Meisterschaft in Rollkunstlauf statt. Die Bayreuther Turnerschaft war mit 11 aktiven L\u00e4uferinnen besonders erfolgreich vertreten. Allein 8 von Ihnen konnten sich unter den ersten 5 platzieren. Die 11- j\u00e4hrige Tatjana Tsarkova \u00fcberzeugte mit Ihrer sehr sch\u00f6nen und fehlerfreien K\u00fcr [&hellip;]<\/p>\n","protected":false},"author":1,"featured_media":0,"parent":0,"menu_order":0,"comment_status":"closed","ping_status":"closed","template":"","meta":{"footnotes":""},"class_list":["post-832","page","type-page","status-publish","hentry"],"_links":{"self":[{"href":"http:\/\/www.bayreuther-turnerschaft.de\/abteilung\/kunstlauf\/wp-json\/wp\/v2\/pages\/832","targetHints":{"allow":["GET"]}}],"collection":[{"href":"http:\/\/www.bayreuther-turnerschaft.de\/abteilung\/kunstlauf\/wp-json\/wp\/v2\/pages"}],"about":[{"href":"http:\/\/www.bayreuther-turnerschaft.de\/abteilung\/kunstlauf\/wp-json\/wp\/v2\/types\/page"}],"author":[{"embeddable":true,"href":"http:\/\/www.bayreuther-turnerschaft.de\/abteilung\/kunstlauf\/wp-json\/wp\/v2\/users\/1"}],"replies":[{"embeddable":true,"href":"http:\/\/www.bayreuther-turnerschaft.de\/abteilung\/kunstlauf\/wp-json\/wp\/v2\/comments?post=832"}],"version-history":[{"count":2,"href":"http:\/\/www.bayreuther-turnerschaft.de\/abteilung\/kunstlauf\/wp-json\/wp\/v2\/pages\/832\/revisions"}],"predecessor-version":[{"id":836,"href":"http:\/\/www.bayreuther-turnerschaft.de\/abteilung\/kunstlauf\/wp-json\/wp\/v2\/pages\/832\/revisions\/836"}],"wp:attachment":[{"href":"http:\/\/www.bayreuther-turnerschaft.de\/abteilung\/kunstlauf\/wp-json\/wp\/v2\/media?parent=832"}],"curies":[{"name":"wp","href":"https:\/\/api.w.org\/{rel}","templated":true}]}}